{"id":2444,"date":"2018-11-20T10:42:24","date_gmt":"2018-11-20T09:42:24","guid":{"rendered":"http:\/\/apartment-brno.cz\/appartements\/apartmany-zelny-trh\/"},"modified":"2019-03-19T10:45:01","modified_gmt":"2019-03-19T09:45:01","slug":"appartements-zelny-trh","status":"publish","type":"page","link":"https:\/\/apartment-brno.cz\/fr\/appartements\/appartements-zelny-trh\/","title":{"rendered":"Appartements Zeln\u00fd Trh"},"content":{"rendered":"<p><strong>Apartm\u00e1ny Zeln\u00fd Trh<\/strong> se nach\u00e1zej\u00ed v srdci historick\u00e9ho <strong>m\u011bsta Brna<\/strong>, v nov\u011b zrekonstruovan\u00e9 budov\u011b. P\u016fvodn\u00ed stavba domu se datuje k po\u010d\u00e1tku 13. stolet\u00ed. <strong>Atmosf\u00e9ru<\/strong> t\u00e9to historick\u00e9 m\u011bstsk\u00e9 \u010d\u00e1sti dotv\u00e1\u0159\u00ed mno\u017estv\u00ed modern\u00edch kav\u00e1ren a restaurac\u00ed. V bezprost\u0159edn\u00ed bl\u00edzkosti ocen\u00edte mo\u017enost n\u00e1v\u0161t\u011bvy hned n\u011bkolika divadel, nap\u0159. <strong>Divadlo Husa na Prov\u00e1zku<\/strong>, nebo <strong>Divadlo Reduta<\/strong>.<strong>\u00a0<\/strong> Okouzl\u00ed v\u00e1s n\u00e1v\u0161t\u011bva bl\u00edzk\u00e9ho <strong>chr\u00e1mu svat\u00e9ho Petra a Pavla, nebo<\/strong> <strong>Hradu \u0160pilberk<\/strong> s jeho rozlehl\u00fdmi zahradami, vzd\u00e1len\u00e9ho od apartm\u00e1nu 5 minut ch\u016fze, kde se mimo prohl\u00eddek hradu a v\u00fdstav konaj\u00ed pravideln\u00e9 kulturn\u00ed akce a festivaly.<\/p>\n<p><strong>K<\/strong> <strong>hlavn\u00edmu n\u00e1dra\u017e\u00ed<\/strong>, \u010di <strong>n\u00e1m\u011bst\u00ed Svobody<\/strong>, nejv\u011bt\u0161\u00edmu n\u00e1m\u011bst\u00ed v\u00a0Brn\u011b, jste od <strong>apartm\u00e1n\u016f Zeln\u00fd Trh <\/strong>vzd\u00e1leni 5 minut ch\u016fze. Jste-li milovn\u00edky gastronomie, nakupov\u00e1n\u00ed a kultury, nach\u00e1z\u00edte se sotva <strong>2 minuty ch\u016fze od Masarykovy ulice,<\/strong><strong> hlavn\u00ed a nejfrekventovan\u011bj\u0161\u00ed p\u011b\u0161\u00ed z\u00f3ny v Brn\u011b<\/strong>. <strong>Malebn\u00fd charakter Zeln\u00e9ho Trhu<\/strong> ocen\u00ed nejen znalci architektonick\u00fdch skvost\u016f. Nab\u00edz\u00ed se zde celoro\u010dn\u00ed provoz tr\u017ei\u0161t\u011b, kter\u00e9 se v zimn\u00edm obdob\u00ed kr\u00e1tce p\u0159etv\u00e1\u0159\u00ed na tradi\u010dn\u00ed <strong>V\u00e1no\u010dn\u00ed trhy<\/strong>. Po zbytek roku zde nakoup\u00edte \u010derstv\u00e9 kv\u011btiny, bylinky, zeleninu a ovoce od m\u00edstn\u00edch zelin\u00e1\u0159\u016f. V\u00fdrobky z lok\u00e1ln\u00edch farem objev\u00edte v nov\u011b postaven\u00e9 kamenn\u00e9 tr\u017enici, lemuj\u00edc\u00ed <strong>Zeln\u00fd trh<\/strong>.<\/p>\n<p>&nbsp;<\/p>\n","protected":false},"excerpt":{"rendered":"<p>Apartm\u00e1ny Zeln\u00fd Trh se nach\u00e1zej\u00ed v srdci historick\u00e9ho m\u011bsta Brna, v nov\u011b zrekonstruovan\u00e9 budov\u011b. P\u016fvodn\u00ed stavba domu se datuje k po\u010d\u00e1tku 13. stolet\u00ed. Atmosf\u00e9ru t\u00e9to historick\u00e9 m\u011bstsk\u00e9 \u010d\u00e1sti dotv\u00e1\u0159\u00ed mno\u017estv\u00ed modern\u00edch kav\u00e1ren a restaurac\u00ed. V bezprost\u0159edn\u00ed bl\u00edzkosti ocen\u00edte mo\u017enost n\u00e1v\u0161t\u011bvy hned n\u011bkolika divadel, nap\u0159. Divadlo Husa na Prov\u00e1zku, nebo Divadlo Reduta.\u00a0 Okouzl\u00ed v\u00e1s n\u00e1v\u0161t\u011bva bl\u00edzk\u00e9ho&#8230;<\/p>\n","protected":false},"author":5,"featured_media":1559,"parent":2397,"menu_order":4,"comment_status":"closed","ping_status":"closed","template":"template-apartmans.php","meta":[],"_links":{"self":[{"href":"https:\/\/apartment-brno.cz\/fr\/wp-json\/wp\/v2\/pages\/2444\/"}],"collection":[{"href":"https:\/\/apartment-brno.cz\/fr\/wp-json\/wp\/v2\/pages\/"}],"about":[{"href":"https:\/\/apartment-brno.cz\/fr\/wp-json\/wp\/v2\/types\/page\/"}],"author":[{"embeddable":true,"href":"https:\/\/apartment-brno.cz\/fr\/wp-json\/wp\/v2\/users\/5\/"}],"replies":[{"embeddable":true,"href":"https:\/\/apartment-brno.cz\/fr\/wp-json\/wp\/v2\/comments\/?post=2444"}],"version-history":[{"count":1,"href":"https:\/\/apartment-brno.cz\/fr\/wp-json\/wp\/v2\/pages\/2444\/revisions\/"}],"predecessor-version":[{"id":2446,"href":"https:\/\/apartment-brno.cz\/fr\/wp-json\/wp\/v2\/pages\/2444\/revisions\/2446\/"}],"up":[{"embeddable":true,"href":"https:\/\/apartment-brno.cz\/fr\/wp-json\/wp\/v2\/pages\/2397\/"}],"wp:featuredmedia":[{"embeddable":true,"href":"https:\/\/apartment-brno.cz\/fr\/wp-json\/wp\/v2\/media\/1559\/"}],"wp:attachment":[{"href":"https:\/\/apartment-brno.cz\/fr\/wp-json\/wp\/v2\/media\/?parent=2444"}],"curies":[{"name":"wp","href":"https:\/\/api.w.org\/{rel}","templated":true}]}}