{"id":2408,"date":"2018-09-21T13:16:40","date_gmt":"2018-09-21T11:16:40","guid":{"rendered":"http:\/\/apartment-brno.cz\/o-nas\/"},"modified":"2019-03-27T09:30:29","modified_gmt":"2019-03-27T08:30:29","slug":"a-propos-de-nous","status":"publish","type":"page","link":"https:\/\/apartment-brno.cz\/fr\/a-propos-de-nous\/","title":{"rendered":"\u00c0 propos de nous"},"content":{"rendered":"<p>Na\u0161e spole\u010dnost nab\u00edz\u00ed nadstandartn\u00ed, <strong>luxusn\u00ed ubytov\u00e1n\u00ed v samotn\u00e9m srdci Star\u00e9ho m\u011bsta v Brn\u011b<\/strong>, co by kamenem dohodil od v\u0161ech po\u017eitk\u016f, kter\u00e9 Brno poskytuje. A\u0165 cestujete firemn\u011b \u010di za pozn\u00e1n\u00edm, v na\u0161\u00ed nab\u00eddce najdete apartm\u00e1ny jednopokojov\u00e9, dvoupokojov\u00e9 i t\u0159\u00edpokojov\u00e9, v\u0161echny modern\u011b a elegantn\u011b za\u0159\u00edzeny.<\/p>\n<p>Odpo\u010dinout si m\u016f\u017eete na pohodln\u00fdch polohovac\u00edch postel\u00edch, samoz\u0159ejmost\u00ed je Wi-Fi i LED televizor se satelitn\u00edm p\u0159ij\u00edma\u010dem na ka\u017ed\u00e9m ubytov\u00e1n\u00ed, kuchyn\u011b s k\u00e1vou a \u010dajem pro p\u0159\u00edjemn\u00fd za\u010d\u00e1tek dne a n\u00e1\u0161 person\u00e1l, kter\u00fd je tu pro V\u00e1s v jakoukoliv denn\u00ed i no\u010dn\u00ed hodinu, aby V\u00e1m poradil nejen s v\u00fdb\u011brem t\u00e9 spr\u00e1vn\u00e9 restaurace. V p\u0159\u00edpad\u011b jak\u00fdchkoliv dotaz\u016f \u010di po\u017eadavk\u016f n\u00e1s nev\u00e1hejte kontaktovat.<\/p>\n<p>Budeme se t\u011b\u0161it! <strong>Team Old Town Apartments Brno<\/strong><\/p>\n<p>&nbsp;<\/p>\n<p>&nbsp;<\/p>\n<p>Nous proposons un h\u00e9bergement <strong>luxueux et de qualit\u00e9 sup\u00e9rieure en plein c\u0153ur de la vieille ville de Brno<\/strong>, \u00e0 deux pas de tous les plaisirs que Brno peut offrir. Que vous visitiez la ville pour un voyage d&rsquo;affaires ou que vous visitiez la ville, nos h\u00e9bergements incluent des appartements d&rsquo;une chambre, des appartements de deux chambres et des appartements de trois chambres, tous meubl\u00e9s de fa\u00e7on moderne et \u00e9l\u00e9gante. Vous pourrez vous d\u00e9tendre sur des lits confortables et ajustables, avec une connexion Wi-Fi et une t\u00e9l\u00e9vision par satellite \u00e0 \u00e9cran LED dans chaque appartement. Vous vous sentirez \u00e0 la maison dans une cuisine avec caf\u00e9 et th\u00e9 pour bien commencer la journ\u00e9e. Notre personnel est \u00e0 votre disposition \u00e0 tout moment de la journ\u00e9e ou de la nuit pour vous conseiller, non seulement dans le choix du bon endroit pour manger, boire un verre et s&rsquo;amuser. En cas de questions ou de demandes, n&rsquo;h\u00e9sitez pas \u00e0 nous contacter. <strong>Dans l&rsquo;attente de vous rencontrer! Team Old Town Apartments Brno.<\/strong><\/p>\n","protected":false},"excerpt":{"rendered":"<p>Na\u0161e spole\u010dnost nab\u00edz\u00ed nadstandartn\u00ed, luxusn\u00ed ubytov\u00e1n\u00ed v samotn\u00e9m srdci Star\u00e9ho m\u011bsta v Brn\u011b, co by kamenem dohodil od v\u0161ech po\u017eitk\u016f, kter\u00e9 Brno poskytuje. A\u0165 cestujete firemn\u011b \u010di za pozn\u00e1n\u00edm, v na\u0161\u00ed nab\u00eddce najdete apartm\u00e1ny jednopokojov\u00e9, dvoupokojov\u00e9 i t\u0159\u00edpokojov\u00e9, v\u0161echny modern\u011b a elegantn\u011b za\u0159\u00edzeny. Odpo\u010dinout si m\u016f\u017eete na pohodln\u00fdch polohovac\u00edch postel\u00edch, samoz\u0159ejmost\u00ed je Wi-Fi i LED&#8230;<\/p>\n","protected":false},"author":5,"featured_media":1053,"parent":0,"menu_order":0,"comment_status":"closed","ping_status":"closed","template":"","meta":[],"_links":{"self":[{"href":"https:\/\/apartment-brno.cz\/fr\/wp-json\/wp\/v2\/pages\/2408\/"}],"collection":[{"href":"https:\/\/apartment-brno.cz\/fr\/wp-json\/wp\/v2\/pages\/"}],"about":[{"href":"https:\/\/apartment-brno.cz\/fr\/wp-json\/wp\/v2\/types\/page\/"}],"author":[{"embeddable":true,"href":"https:\/\/apartment-brno.cz\/fr\/wp-json\/wp\/v2\/users\/5\/"}],"replies":[{"embeddable":true,"href":"https:\/\/apartment-brno.cz\/fr\/wp-json\/wp\/v2\/comments\/?post=2408"}],"version-history":[{"count":4,"href":"https:\/\/apartment-brno.cz\/fr\/wp-json\/wp\/v2\/pages\/2408\/revisions\/"}],"predecessor-version":[{"id":2530,"href":"https:\/\/apartment-brno.cz\/fr\/wp-json\/wp\/v2\/pages\/2408\/revisions\/2530\/"}],"wp:featuredmedia":[{"embeddable":true,"href":"https:\/\/apartment-brno.cz\/fr\/wp-json\/wp\/v2\/media\/1053\/"}],"wp:attachment":[{"href":"https:\/\/apartment-brno.cz\/fr\/wp-json\/wp\/v2\/media\/?parent=2408"}],"curies":[{"name":"wp","href":"https:\/\/api.w.org\/{rel}","templated":true}]}}