{"id":2423,"date":"2018-11-20T11:18:03","date_gmt":"2018-11-20T10:18:03","guid":{"rendered":"http:\/\/apartment-brno.cz\/appartements\/apartmany-luxury-zelny-trh\/"},"modified":"2020-06-19T10:27:56","modified_gmt":"2020-06-19T08:27:56","slug":"appartements-luxury-zelny-trh","status":"publish","type":"page","link":"http:\/\/apartment-brno.cz\/fr\/appartements\/appartements-luxury-zelny-trh\/","title":{"rendered":"Appartements Luxury Zeln\u00fd Trh"},"content":{"rendered":"<p><strong>Apartm\u00e1ny Luxury Zeln\u00fd Trh<\/strong> se nach\u00e1zej\u00ed v samotn\u00e9m srdci historick\u00e9ho <strong>m\u011bsta Brna<\/strong>, v modern\u011b zrekonstruovan\u00e9 budov\u011b s\u00a0\u010d\u00edslem 10, je\u017e se py\u0161n\u00ed titulem jednoho z prvn\u00edch dom\u016f, jeho\u017e stavba se datuje k po\u010d\u00e1tku 13. stolet\u00ed. <strong>Atmosf\u00e9ru<\/strong> zd\u011bn\u00e9 budovy s\u00a0tradi\u010dn\u00edmi vysok\u00fdmi stropy a terasou do vnitrobloku podtrhuj\u00ed <strong>dechberouc\u00ed v\u00fdhledy z\u00a0oken. <\/strong>Ocen\u00edte neopakovateln\u00e9 z\u00e1\u017eitky prvn\u00edch slune\u010dn\u00edch paprsk\u016f dopadaj\u00edc\u00edch na st\u0159echu Star\u00e9 radnice, nebo siluetu jedn\u00e9 z\u00a0dominant m\u011bsta Brna, <strong>chr\u00e1mu Svat\u00e9ho Petra a Pavla<\/strong>, v no\u010dn\u00edm osv\u011btlen\u00ed. Okouzl\u00ed v\u00e1s n\u00e1v\u0161t\u011bva bl\u00edzk\u00e9ho <strong>Hradu \u0160pilberk<\/strong> s jeho rozlehl\u00fdmi zahradami, vzd\u00e1len\u00e9ho od apartm\u00e1nu 25 minut ch\u016fze, kde se mimo prohl\u00eddek hradu a v\u00fdstav konaj\u00ed pravideln\u00e9 <strong>kulturn\u00ed akce a festivaly<\/strong>. Zaj\u00edmavost\u00ed m\u016f\u017ee b\u00fdt n\u00e1v\u0161t\u011bva <strong>vily Tugendhat<\/strong> vzd\u00e1len\u00e9 2,5 km nebo prohl\u00eddka podzemn\u00edho <strong>Labyrintu<\/strong>, jen\u017e se nach\u00e1z\u00ed 200 metr\u016f od apartm\u00e1n\u016f.<\/p>\n<p><strong>K<\/strong> <strong>hlavn\u00edmu n\u00e1dra\u017e\u00ed<\/strong>, v\u00a0jeho\u017e pop\u0159ed\u00ed je dopravn\u00ed uzel, \u010di k <strong>n\u00e1m\u011bst\u00ed Svobody<\/strong>, nejv\u011bt\u0161\u00edmu n\u00e1m\u011bst\u00ed v\u00a0Brn\u011b, jste od <strong>apartm\u00e1n\u016f Luxury Zeln\u00fd Trh <\/strong>vzd\u00e1leni 5 minut ch\u016fze. Jste-li milovn\u00edky gastronomie, nakupov\u00e1n\u00ed a kultury, nach\u00e1z\u00edte se sotva <strong>2 minuty ch\u016fze od Masarykovy ulice, <\/strong><strong>je\u017e je hlavn\u00ed a nejfrekventovan\u011bj\u0161\u00ed p\u011b\u0161\u00ed z\u00f3nou v Brn\u011b<\/strong>. <strong>Malebn\u00fd charakter Zeln\u00e9ho Trhu<\/strong> ocen\u00ed nejen znalci architektonick\u00fdch skvost\u016f. Nab\u00edz\u00ed se zde celoro\u010dn\u00ed provoz tr\u017ei\u0161t\u011b, kter\u00e9 se v zimn\u00edm obdob\u00ed kr\u00e1tce p\u0159etv\u00e1\u0159\u00ed na tradi\u010dn\u00ed <strong>V\u00e1no\u010dn\u00ed trhy<\/strong>. Po zbytek roku zde nakoup\u00edte \u010derstv\u00e9 kv\u011btiny, bylinky, ko\u0159en\u00ed, zeleninu a ovoce od m\u00edstn\u00edch zelin\u00e1\u0159\u016f. Spoustu dal\u0161\u00edch v\u00fdrobk\u016f z lok\u00e1ln\u00edch farem objev\u00edte tak\u00e9 v nov\u011b postaven\u00e9 kamenn\u00e9 tr\u017enici, lemuj\u00edc\u00ed <strong>Zeln\u00fd trh<\/strong>.<\/p>\n<p>&nbsp;<\/p>\n<p>Les appartements <strong>Luxury Zeln\u00fd Trh<\/strong> sont situ\u00e9s en plein c\u0153ur du centre historique de <strong>Brno<\/strong>, \u00e0 5 minutes \u00e0 pied de la gare principale ainsi que de la place de la Libert\u00e9, la plus grande place de Brno, dans la maison n \u00b0 10 r\u00e9nov\u00e9e, pourvue du confort moderne et dont les origines se trouvent au 13\u00e8me si\u00e8cle, ainsi lui donnant le titre d&rsquo;une des premi\u00e8res maisons construites dans le centre de Brno. Avec ses hauts plafonds, son atmosph\u00e8re magique, ses portes s&rsquo;ouvrant sur la terrasse int\u00e9rieure et ses vues des fen\u00eatres, une exp\u00e9rience inoubliable, unique en son genre, que ce soit les premiers rayons de soleil qui tombent sur le vieil h\u00f4tel de ville ou l&rsquo;\u00e9clairage de nuit de l&rsquo;un des dominantes de Brno, la cath\u00e9drale Saint-Pierre-et-Saint-Paul. L&rsquo;atmosph\u00e8re pittoresque de Zeln\u00fd trh, outre des tr\u00e9sors architecturaux, est compl\u00e8t\u00e9e par les march\u00e9s locaux. En hiver, il vaut vraiment la peine de visiter des march\u00e9s de No\u00ebl odorants et le reste de l\u2019ann\u00e9e des kiosques petits proposant des fleurs fra\u00eeches, des herbes aromatiques, des \u00e9pices, des fruits et des l\u00e9gumes plant\u00e9s par les fermiers locaux. \u00c0 quelques pas de l\u00e0, vous pouvez trouver un nouveau b\u00e2timent du march\u00e9 de la ville o\u00f9 vous pourrez trouver toutes les sp\u00e9cialit\u00e9s des fermes locales. Le meilleur endroit pour ceux qui aiment la gastronomie, la culture, l&rsquo;art, l&rsquo;architecture ou m\u00eame le shopping &#8211; La rue Masarykova, la zone pi\u00e9tonne principale et la plus fr\u00e9quent\u00e9e de Brno, se trouve \u00e0 seulement 2 minutes \u00e0 pied de l&rsquo;appartement. Enfin, il faut \u00a0mentionner le ch\u00e2teau de \u0160pilberk proche et ses jardins, o\u00f9 se tiennent r\u00e9guli\u00e8rement des \u00e9vennements culturelles et des festivals, ainsi que des visites et des expositions.<\/p>\n<p>En cas d&rsquo;avoir besoin d&rsquo;une place de parking, nous pouvons organiser un parking \u00e0 environ 200 m de l&rsquo;appartement sur notre parking priv\u00e9 \u00e0 <strong>15 \u20ac \/ voiture \/ jour.<\/strong><\/p>\n<p>&nbsp;<\/p>\n","protected":false},"excerpt":{"rendered":"<p>Apartm\u00e1ny Luxury Zeln\u00fd Trh se nach\u00e1zej\u00ed v samotn\u00e9m srdci historick\u00e9ho m\u011bsta Brna, v modern\u011b zrekonstruovan\u00e9 budov\u011b s\u00a0\u010d\u00edslem 10, je\u017e se py\u0161n\u00ed titulem jednoho z prvn\u00edch dom\u016f, jeho\u017e stavba se datuje k po\u010d\u00e1tku 13. stolet\u00ed. Atmosf\u00e9ru zd\u011bn\u00e9 budovy s\u00a0tradi\u010dn\u00edmi vysok\u00fdmi stropy a terasou do vnitrobloku podtrhuj\u00ed dechberouc\u00ed v\u00fdhledy z\u00a0oken. Ocen\u00edte neopakovateln\u00e9 z\u00e1\u017eitky prvn\u00edch slune\u010dn\u00edch paprsk\u016f dopadaj\u00edc\u00edch&#8230;<\/p>\n","protected":false},"author":5,"featured_media":2181,"parent":2397,"menu_order":1,"comment_status":"closed","ping_status":"closed","template":"template-apartmans.php","meta":[],"_links":{"self":[{"href":"http:\/\/apartment-brno.cz\/fr\/wp-json\/wp\/v2\/pages\/2423\/"}],"collection":[{"href":"http:\/\/apartment-brno.cz\/fr\/wp-json\/wp\/v2\/pages\/"}],"about":[{"href":"http:\/\/apartment-brno.cz\/fr\/wp-json\/wp\/v2\/types\/page\/"}],"author":[{"embeddable":true,"href":"http:\/\/apartment-brno.cz\/fr\/wp-json\/wp\/v2\/users\/5\/"}],"replies":[{"embeddable":true,"href":"http:\/\/apartment-brno.cz\/fr\/wp-json\/wp\/v2\/comments\/?post=2423"}],"version-history":[{"count":4,"href":"http:\/\/apartment-brno.cz\/fr\/wp-json\/wp\/v2\/pages\/2423\/revisions\/"}],"predecessor-version":[{"id":2784,"href":"http:\/\/apartment-brno.cz\/fr\/wp-json\/wp\/v2\/pages\/2423\/revisions\/2784\/"}],"up":[{"embeddable":true,"href":"http:\/\/apartment-brno.cz\/fr\/wp-json\/wp\/v2\/pages\/2397\/"}],"wp:featuredmedia":[{"embeddable":true,"href":"http:\/\/apartment-brno.cz\/fr\/wp-json\/wp\/v2\/media\/2181\/"}],"wp:attachment":[{"href":"http:\/\/apartment-brno.cz\/fr\/wp-json\/wp\/v2\/media\/?parent=2423"}],"curies":[{"name":"wp","href":"https:\/\/api.w.org\/{rel}","templated":true}]}}