{"id":2418,"date":"2019-02-27T16:55:50","date_gmt":"2019-02-27T15:55:50","guid":{"rendered":"http:\/\/apartment-brno.cz\/wake-up-hostel\/"},"modified":"2020-10-11T09:48:56","modified_gmt":"2020-10-11T07:48:56","slug":"wake-up-hostel","status":"publish","type":"page","link":"http:\/\/apartment-brno.cz\/fr\/appartements\/wake-up-hostel\/","title":{"rendered":"Wake up HOSTEL"},"content":{"rendered":"<p>Nous proposons des h\u00e9bergements con\u00e7us pour d\u00e9passer de loin les attentes des visiteurs des auberges ordinaires, \u00e0 un prix \u00e9tonnamment bas.Lors de la d\u00e9couverte de lieux inconnus, le plus important est de bien se d\u00e9tendre la nuit et d&rsquo;\u00eatre plein d&rsquo;\u00e9nergie pendant la journ\u00e9e pour acqu\u00e9rir de nouvelles exp\u00e9riences.<\/p>\n<p>Des matelas de qualit\u00e9, une \u00e9quipe d&rsquo;accueil sympathique offrent un cadre confortable pour chouchouter chaque visiteur.Notre caf\u00e9 est l&rsquo;endroit id\u00e9al pour les petites c\u00e9l\u00e9brations et \u00e9v\u00e9nements (jusqu&rsquo;\u00e0 30 personnes)! Si vous ne savez pas comment organiser une r\u00e9union originale de famille ou d&rsquo;amis, contactez-nous et ensemble nous trouverons quelque chose d&rsquo;unique rien que pour vous.<\/p>\n","protected":false},"excerpt":{"rendered":"<p>Nous proposons des h\u00e9bergements con\u00e7us pour d\u00e9passer de loin les attentes des visiteurs des auberges ordinaires, \u00e0 un prix \u00e9tonnamment bas.Lors de la d\u00e9couverte de lieux inconnus, le plus important est de bien se d\u00e9tendre la nuit et d&rsquo;\u00eatre plein d&rsquo;\u00e9nergie pendant la journ\u00e9e pour acqu\u00e9rir de nouvelles exp\u00e9riences. Des matelas de qualit\u00e9, une \u00e9quipe&#8230;<\/p>\n","protected":false},"author":2,"featured_media":2876,"parent":2397,"menu_order":6,"comment_status":"closed","ping_status":"closed","template":"template-apartmans.php","meta":[],"_links":{"self":[{"href":"http:\/\/apartment-brno.cz\/fr\/wp-json\/wp\/v2\/pages\/2418\/"}],"collection":[{"href":"http:\/\/apartment-brno.cz\/fr\/wp-json\/wp\/v2\/pages\/"}],"about":[{"href":"http:\/\/apartment-brno.cz\/fr\/wp-json\/wp\/v2\/types\/page\/"}],"author":[{"embeddable":true,"href":"http:\/\/apartment-brno.cz\/fr\/wp-json\/wp\/v2\/users\/2\/"}],"replies":[{"embeddable":true,"href":"http:\/\/apartment-brno.cz\/fr\/wp-json\/wp\/v2\/comments\/?post=2418"}],"version-history":[{"count":4,"href":"http:\/\/apartment-brno.cz\/fr\/wp-json\/wp\/v2\/pages\/2418\/revisions\/"}],"predecessor-version":[{"id":2889,"href":"http:\/\/apartment-brno.cz\/fr\/wp-json\/wp\/v2\/pages\/2418\/revisions\/2889\/"}],"up":[{"embeddable":true,"href":"http:\/\/apartment-brno.cz\/fr\/wp-json\/wp\/v2\/pages\/2397\/"}],"wp:featuredmedia":[{"embeddable":true,"href":"http:\/\/apartment-brno.cz\/fr\/wp-json\/wp\/v2\/media\/2876\/"}],"wp:attachment":[{"href":"http:\/\/apartment-brno.cz\/fr\/wp-json\/wp\/v2\/media\/?parent=2418"}],"curies":[{"name":"wp","href":"https:\/\/api.w.org\/{rel}","templated":true}]}}