{"id":2413,"date":"2018-09-21T13:16:55","date_gmt":"2018-09-21T11:16:55","guid":{"rendered":"http:\/\/apartment-brno.cz\/rezervace\/"},"modified":"2019-03-19T10:15:27","modified_gmt":"2019-03-19T09:15:27","slug":"reservation","status":"publish","type":"page","link":"http:\/\/apartment-brno.cz\/fr\/reservation\/","title":{"rendered":"R\u00e9servation"},"content":{"rendered":"<p>Po\u010det osob zvol\u00edte v druh\u00e9m kroku formul\u00e1\u0159e. T\u00edm ovlivn\u00edte i v\u00fdslednou cenu. Zde zobrazovan\u00e1 cena je za pln\u00fd po\u010det host\u016f.<\/p>\n","protected":false},"excerpt":{"rendered":"<p>Po\u010det osob zvol\u00edte v druh\u00e9m kroku formul\u00e1\u0159e. T\u00edm ovlivn\u00edte i v\u00fdslednou cenu. Zde zobrazovan\u00e1 cena je za pln\u00fd po\u010det host\u016f.<\/p>\n","protected":false},"author":5,"featured_media":0,"parent":0,"menu_order":0,"comment_status":"closed","ping_status":"closed","template":"template-reservation.php","meta":[],"_links":{"self":[{"href":"http:\/\/apartment-brno.cz\/fr\/wp-json\/wp\/v2\/pages\/2413\/"}],"collection":[{"href":"http:\/\/apartment-brno.cz\/fr\/wp-json\/wp\/v2\/pages\/"}],"about":[{"href":"http:\/\/apartment-brno.cz\/fr\/wp-json\/wp\/v2\/types\/page\/"}],"author":[{"embeddable":true,"href":"http:\/\/apartment-brno.cz\/fr\/wp-json\/wp\/v2\/users\/5\/"}],"replies":[{"embeddable":true,"href":"http:\/\/apartment-brno.cz\/fr\/wp-json\/wp\/v2\/comments\/?post=2413"}],"version-history":[{"count":1,"href":"http:\/\/apartment-brno.cz\/fr\/wp-json\/wp\/v2\/pages\/2413\/revisions\/"}],"predecessor-version":[{"id":2416,"href":"http:\/\/apartment-brno.cz\/fr\/wp-json\/wp\/v2\/pages\/2413\/revisions\/2416\/"}],"wp:attachment":[{"href":"http:\/\/apartment-brno.cz\/fr\/wp-json\/wp\/v2\/media\/?parent=2413"}],"curies":[{"name":"wp","href":"https:\/\/api.w.org\/{rel}","templated":true}]}}