{"id":2402,"date":"2018-09-21T13:17:19","date_gmt":"2018-09-21T11:17:19","guid":{"rendered":"http:\/\/apartment-brno.cz\/kontaktni-informace\/"},"modified":"2024-05-30T14:47:02","modified_gmt":"2024-05-30T12:47:02","slug":"contact","status":"publish","type":"page","link":"http:\/\/apartment-brno.cz\/fr\/contact\/","title":{"rendered":"Contact"},"content":{"rendered":"<p><strong>KMENTA CZ s.r.o.<\/strong><br \/>\nStarobrn\u011bnsk\u00e1 286\/13, Brno-m\u011bsto, 602 00 Brno<\/p>\n<p><strong>Tel.:<\/strong> +420 530 334 330<br \/>\n<strong>Email: <a href=\"mailto:info@goodnite.cz\">info@goodnite.cz<\/a><\/strong><\/p>\n<p><strong>I\u010c:<\/strong> 26244519<br \/>\n<strong>DI\u010c:<\/strong> CZ26244519<\/p>\n","protected":false},"excerpt":{"rendered":"<p>KMENTA CZ s.r.o. Starobrn\u011bnsk\u00e1 286\/13, Brno-m\u011bsto, 602 00 Brno Tel.: +420 530 334 330 Email: info@goodnite.cz I\u010c: 26244519 DI\u010c: CZ26244519<\/p>\n","protected":false},"author":5,"featured_media":0,"parent":0,"menu_order":0,"comment_status":"closed","ping_status":"closed","template":"template-contact.php","meta":[],"_links":{"self":[{"href":"http:\/\/apartment-brno.cz\/fr\/wp-json\/wp\/v2\/pages\/2402\/"}],"collection":[{"href":"http:\/\/apartment-brno.cz\/fr\/wp-json\/wp\/v2\/pages\/"}],"about":[{"href":"http:\/\/apartment-brno.cz\/fr\/wp-json\/wp\/v2\/types\/page\/"}],"author":[{"embeddable":true,"href":"http:\/\/apartment-brno.cz\/fr\/wp-json\/wp\/v2\/users\/5\/"}],"replies":[{"embeddable":true,"href":"http:\/\/apartment-brno.cz\/fr\/wp-json\/wp\/v2\/comments\/?post=2402"}],"version-history":[{"count":7,"href":"http:\/\/apartment-brno.cz\/fr\/wp-json\/wp\/v2\/pages\/2402\/revisions\/"}],"predecessor-version":[{"id":3439,"href":"http:\/\/apartment-brno.cz\/fr\/wp-json\/wp\/v2\/pages\/2402\/revisions\/3439\/"}],"wp:attachment":[{"href":"http:\/\/apartment-brno.cz\/fr\/wp-json\/wp\/v2\/media\/?parent=2402"}],"curies":[{"name":"wp","href":"https:\/\/api.w.org\/{rel}","templated":true}]}}