{"id":2557,"date":"2019-03-27T10:50:58","date_gmt":"2019-03-27T09:50:58","guid":{"rendered":"http:\/\/apartment-brno.cz\/?page_id=2557"},"modified":"2019-04-02T19:59:47","modified_gmt":"2019-04-02T17:59:47","slug":"wake-up-rumiste","status":"publish","type":"page","link":"http:\/\/apartment-brno.cz\/en\/apartments\/wake-up-rumiste\/","title":{"rendered":"Wake up Apartment"},"content":{"rendered":"<p style=\"text-align: left;\"><strong>Adress: Rumi\u0161t\u011b<\/strong> 6, 2. floor<\/p>\n<p style=\"text-align: left;\"><strong>Wake up Apartment Rumi\u0161t\u011b<\/strong> offers unique accommodation on the second floor of a new building, in a quiet part of the centre of Brno, with a (street) parking space and a private terrace with an outdoor seating. The apartment consists of a bedroom, a lounge with a sofa bed, a fully equipped kitchen, a flat-screen TV and free Wi-Fi. French doors have automatic blinds. Being close to the motorway, you can reach the apartment within 7 minutes. The city center is 10 minutes by walk. The Va\u0148kovka shopping center is 5 minutes away, same as the main train station. The apartment is non-smoking, pets are allowed for an additional charge. We offer the possibility of airport transfer after prior agreement, also for an additional charge.<\/p>\n","protected":false},"excerpt":{"rendered":"<p>Adress: Rumi\u0161t\u011b 6, 2. floor Wake up Apartment Rumi\u0161t\u011b offers unique accommodation on the second floor of a new building, in a quiet part of the centre of Brno, with a (street) parking space and a private terrace with an outdoor seating. The apartment consists of a bedroom, a lounge with a sofa bed, a&#8230;<\/p>\n","protected":false},"author":2,"featured_media":2487,"parent":2396,"menu_order":0,"comment_status":"closed","ping_status":"closed","template":"template-apartmans.php","meta":[],"_links":{"self":[{"href":"http:\/\/apartment-brno.cz\/en\/wp-json\/wp\/v2\/pages\/2557\/"}],"collection":[{"href":"http:\/\/apartment-brno.cz\/en\/wp-json\/wp\/v2\/pages\/"}],"about":[{"href":"http:\/\/apartment-brno.cz\/en\/wp-json\/wp\/v2\/types\/page\/"}],"author":[{"embeddable":true,"href":"http:\/\/apartment-brno.cz\/en\/wp-json\/wp\/v2\/users\/2\/"}],"replies":[{"embeddable":true,"href":"http:\/\/apartment-brno.cz\/en\/wp-json\/wp\/v2\/comments\/?post=2557"}],"version-history":[{"count":4,"href":"http:\/\/apartment-brno.cz\/en\/wp-json\/wp\/v2\/pages\/2557\/revisions\/"}],"predecessor-version":[{"id":2566,"href":"http:\/\/apartment-brno.cz\/en\/wp-json\/wp\/v2\/pages\/2557\/revisions\/2566\/"}],"up":[{"embeddable":true,"href":"http:\/\/apartment-brno.cz\/en\/wp-json\/wp\/v2\/pages\/2396\/"}],"wp:featuredmedia":[{"embeddable":true,"href":"http:\/\/apartment-brno.cz\/en\/wp-json\/wp\/v2\/media\/2487\/"}],"wp:attachment":[{"href":"http:\/\/apartment-brno.cz\/en\/wp-json\/wp\/v2\/media\/?parent=2557"}],"curies":[{"name":"wp","href":"https:\/\/api.w.org\/{rel}","templated":true}]}}