{"id":2426,"date":"2018-11-20T10:33:49","date_gmt":"2018-11-20T09:33:49","guid":{"rendered":"http:\/\/apartment-brno.cz\/apartments\/apartmany-mecova\/"},"modified":"2021-03-03T15:40:53","modified_gmt":"2021-03-03T14:40:53","slug":"apartments-mecova","status":"publish","type":"page","link":"http:\/\/apartment-brno.cz\/en\/apartments\/apartments-mecova\/","title":{"rendered":"Apartment Coco Chanel"},"content":{"rendered":"<p>Are located in the very center of <strong>Brno<\/strong>, its historical part. The building was built as one of the first residential houses at the beginning of 13th century. It is just 400 meters from St. Peter and Paul&#8217;s Cathedral and 50 meters from the Old Town Hall and the city markets, surrounded by a lot of modern caf\u00e9s and restaurants and the opportunity to visit several theaters nearby the Me\u010dov\u00e1 Apartments, such as Husa na Prov\u00e1zku Theater or Reduta Theater. Me\u010dov\u00e1 Street, along with the streets of Starobrn\u011bnsk\u00e1 and Dominik\u00e1nsk\u00e1, is a block known as Velk\u00fd \u0160pal\u00ed\u010dek.<\/p>\n<p>&nbsp;<\/p>\n","protected":false},"excerpt":{"rendered":"<p>Are located in the very center of Brno, its historical part. The building was built as one of the first residential houses at the beginning of 13th century. It is just 400 meters from St. Peter and Paul&#8217;s Cathedral and 50 meters from the Old Town Hall and the city markets, surrounded by a lot&#8230;<\/p>\n","protected":false},"author":5,"featured_media":1462,"parent":2396,"menu_order":2,"comment_status":"closed","ping_status":"closed","template":"template-apartmans.php","meta":[],"_links":{"self":[{"href":"http:\/\/apartment-brno.cz\/en\/wp-json\/wp\/v2\/pages\/2426\/"}],"collection":[{"href":"http:\/\/apartment-brno.cz\/en\/wp-json\/wp\/v2\/pages\/"}],"about":[{"href":"http:\/\/apartment-brno.cz\/en\/wp-json\/wp\/v2\/types\/page\/"}],"author":[{"embeddable":true,"href":"http:\/\/apartment-brno.cz\/en\/wp-json\/wp\/v2\/users\/5\/"}],"replies":[{"embeddable":true,"href":"http:\/\/apartment-brno.cz\/en\/wp-json\/wp\/v2\/comments\/?post=2426"}],"version-history":[{"count":8,"href":"http:\/\/apartment-brno.cz\/en\/wp-json\/wp\/v2\/pages\/2426\/revisions\/"}],"predecessor-version":[{"id":3096,"href":"http:\/\/apartment-brno.cz\/en\/wp-json\/wp\/v2\/pages\/2426\/revisions\/3096\/"}],"up":[{"embeddable":true,"href":"http:\/\/apartment-brno.cz\/en\/wp-json\/wp\/v2\/pages\/2396\/"}],"wp:featuredmedia":[{"embeddable":true,"href":"http:\/\/apartment-brno.cz\/en\/wp-json\/wp\/v2\/media\/1462\/"}],"wp:attachment":[{"href":"http:\/\/apartment-brno.cz\/en\/wp-json\/wp\/v2\/media\/?parent=2426"}],"curies":[{"name":"wp","href":"https:\/\/api.w.org\/{rel}","templated":true}]}}